{"id":343,"date":"2018-11-14T08:41:41","date_gmt":"2018-11-14T08:41:41","guid":{"rendered":"http:\/\/localhost\/industro\/?page_id=343"},"modified":"2020-01-29T16:52:03","modified_gmt":"2020-01-29T16:52:03","slug":"our-services","status":"publish","type":"page","link":"http:\/\/prazision.mx\/index.php\/our-services\/","title":{"rendered":"Our Services"},"content":{"rendered":"<p>[vc_row][vc_column][rev_slider slidertitle=&#8221;Video Slider Boxed&#8221; alias=&#8221;videoslider_boxed&#8221;][vc_empty_space height=&#8221;40px&#8221; el_class=&#8221;lg-hidden&#8221;][vc_separator][\/vc_column][\/vc_row][vc_row css=&#8221;.vc_custom_1542185182134{padding-top: 100px !important;padding-bottom: 100px !important;background-color: #f7f7f7 !important;}&#8221;][vc_column width=&#8221;1\/3&#8243;]\n    <div class=\"service-box \">\n        <img decoding=\"async\" src=\"http:\/\/prazision.mx\/wp-content\/uploads\/2018\/11\/service-3.jpg\" alt=\"service\">        <div class=\"content-box\">\n            <h5>Piezas especializadas<\/h5>\n            <p>Piezas especializadas de alta ingenier\u00eda bajo los mas rigurosos est\u00e1ndares de calidad, brind\u00e1ndole a nuestros clientes piezas de alta precisi\u00f3n.<\/p>\n                    <\/div>\n    <\/div>\n\n    [vc_empty_space height=&#8221;40px&#8221; el_class=&#8221;lg-hidden&#8221;][\/vc_column][vc_column width=&#8221;1\/3&#8243;]\n    <div class=\"service-box \">\n        <img decoding=\"async\" src=\"http:\/\/prazision.mx\/wp-content\/uploads\/2020\/01\/PHOTO-2020-01-27-12-57-13-2.jpg\" alt=\"service\">        <div class=\"content-box\">\n            <h5>Pailer\u00eda<\/h5>\n            <p>Departamento especializado en el \u00e1rea de pailer\u00eda en general, brind\u00e1ndole a nuestros clientes una amplia gama de productos para su fabricaci\u00f3n en base a sus requerimientos.<\/p>\n                    <\/div>\n    <\/div>\n\n    [vc_empty_space height=&#8221;40px&#8221; el_class=&#8221;lg-hidden&#8221;][\/vc_column][vc_column width=&#8221;1\/3&#8243;]\n    <div class=\"service-box \">\n        <img decoding=\"async\" src=\"http:\/\/prazision.mx\/wp-content\/uploads\/2020\/01\/giphy.gif\" alt=\"service\">        <div class=\"content-box\">\n            <h5>Centros de maquinados<\/h5>\n            <p>Contamos con un departamento de ingenier\u00eda altamente capacitado para llevar acabo los proyectos mas complejos con la calidad \u00fanica que nos respalda.<\/p>\n                    <\/div>\n    <\/div>\n\n    [vc_empty_space height=&#8221;40px&#8221; el_class=&#8221;lg-hidden&#8221;][\/vc_column][\/vc_row]<\/p>\n","protected":false},"excerpt":{"rendered":"<p>[vc_row][vc_column][rev_slider slidertitle=&#8221;Video Slider Boxed&#8221; alias=&#8221;videoslider_boxed&#8221;][vc_empty_space height=&#8221;40px&#8221; el_class=&#8221;lg-hidden&#8221;][vc_separator][\/vc_column][\/vc_row][vc_row css=&#8221;.vc_custom_1542185182134{padding-top: 100px !important;padding-bottom: 100px !important;background-color: #f7f7f7 !important;}&#8221;][vc_column width=&#8221;1\/3&#8243;][vc_empty_space height=&#8221;40px&#8221; el_class=&#8221;lg-hidden&#8221;][\/vc_column][vc_column width=&#8221;1\/3&#8243;][vc_empty_space height=&#8221;40px&#8221; el_class=&#8221;lg-hidden&#8221;][\/vc_column][vc_column width=&#8221;1\/3&#8243;][vc_empty_space height=&#8221;40px&#8221; el_class=&#8221;lg-hidden&#8221;][\/vc_column][\/vc_row]<\/p>\n","protected":false},"author":1,"featured_media":0,"parent":0,"menu_order":0,"comment_status":"closed","ping_status":"closed","template":"","meta":{"footnotes":""},"class_list":["post-343","page","type-page","status-publish","hentry"],"_links":{"self":[{"href":"http:\/\/prazision.mx\/index.php\/wp-json\/wp\/v2\/pages\/343","targetHints":{"allow":["GET"]}}],"collection":[{"href":"http:\/\/prazision.mx\/index.php\/wp-json\/wp\/v2\/pages"}],"about":[{"href":"http:\/\/prazision.mx\/index.php\/wp-json\/wp\/v2\/types\/page"}],"author":[{"embeddable":true,"href":"http:\/\/prazision.mx\/index.php\/wp-json\/wp\/v2\/users\/1"}],"replies":[{"embeddable":true,"href":"http:\/\/prazision.mx\/index.php\/wp-json\/wp\/v2\/comments?post=343"}],"version-history":[{"count":11,"href":"http:\/\/prazision.mx\/index.php\/wp-json\/wp\/v2\/pages\/343\/revisions"}],"predecessor-version":[{"id":1093,"href":"http:\/\/prazision.mx\/index.php\/wp-json\/wp\/v2\/pages\/343\/revisions\/1093"}],"wp:attachment":[{"href":"http:\/\/prazision.mx\/index.php\/wp-json\/wp\/v2\/media?parent=343"}],"curies":[{"name":"wp","href":"https:\/\/api.w.org\/{rel}","templated":true}]}}